{"id":746,"date":"2022-10-29T02:08:17","date_gmt":"2022-10-28T19:08:17","guid":{"rendered":"http:\/\/tailieudieuky.com\/baiviet\/?page_id=746"},"modified":"2023-12-08T21:27:09","modified_gmt":"2023-12-08T14:27:09","slug":"about-us","status":"publish","type":"page","link":"https:\/\/tailieudieuky.com\/baiviet\/about-us\/","title":{"rendered":"About us"},"content":{"rendered":"\n\n\n<h2 style=\"text-align: center; color: rgb(5, 127, 220);font-size:40px\">About us<\/h2>\n<p>Ch\u00e0o m\u1eebng \u0111\u1ebfn v\u1edbi T\u00e0i li\u1ec7u di\u1ec7u k\u1ef3 &#8211; n\u01a1i gi\u00fap b\u1ea1n h\u1ecdc sinh truy c\u1eadp m\u1ed9t c\u00e1ch ch\u1ee7 \u0111\u1ed9ng v\u00e0 hi\u1ec7u qu\u1ea3 \u0111\u1ebfn c\u00e1c ngu\u1ed3n t\u00e0i li\u1ec7u ph\u00f9 h\u1ee3p. Ch\u00fang t\u00f4i tin r\u1eb1ng h\u1ecdc t\u1eadp kh\u00f4ng ch\u1ec9 \u0111\u01a1n thu\u1ea7n l\u00e0 nh\u1eadn th\u00f4ng tin, m\u00e0 c\u00f2n l\u00e0 qu\u00e1 tr\u00ecnh t\u1ef1 t\u00ecm ki\u1ebfm v\u00e0 kh\u00e1m ph\u00e1. <\/p>\n<p>V\u00ec v\u1eady, T\u00e0i li\u1ec7u di\u1ec7u k\u1ef3 h\u1ed7 tr\u1ee3 b\u1ea1n trong vi\u1ec7c ph\u00e1t tri\u1ec3n tinh th\u1ea7n t\u1ef1 h\u1ecdc v\u00e0 \u0111\u00f3ng g\u00f3p v\u00ec c\u1ed9ng \u0111\u1ed3ng. Tr\u00ean website c\u1ee7a ch\u00fang t\u00f4i, b\u1ea1n s\u1ebd t\u00ecm th\u1ea5y m\u1ed9t th\u01b0 vi\u1ec7n t\u00e0i li\u1ec7u phong ph\u00fa v\u00e0 ch\u1ecdn l\u1ecdc, \u0111\u1ea3m b\u1ea3o \u0111\u00e1p \u1ee9ng nhu c\u1ea7u h\u1ecdc t\u1eadp c\u1ee7a c\u00e1c b\u1ea1n h\u1ecdc sinh \u1edf m\u1ecdi c\u1ea5p \u0111\u1ed9. B\u00ean c\u1ea1nh \u0111\u00f3, ch\u00fang t\u00f4i c\u00f2n cung c\u1ea5p h\u1ec7 th\u1ed1ng Luy\u1ec7n thi \u0111a d\u1ea1ng v\u00e0 chuy\u00ean nghi\u1ec7p, v\u1edbi h\u00e0ng ch\u1ee5c ngh\u00ecn b\u00e0i t\u1eadp chia theo c\u00e1c Kh\u00f3a ch\u1ee7 \u0111\u1ec1, c\u00e1c k\u1ef3 thi th\u1eed, luy\u1ec7n t\u1eadp&#8230; gi\u00fap b\u1ea1n \u00f4n luy\u1ec7n v\u00e0 \u0111\u00e1nh gi\u00e1 n\u0103ng l\u1ef1c Ti\u1ebfng Anh m\u1ed9t c\u00e1ch hi\u1ec7u qu\u1ea3 nh\u1ea5t. <\/p>\n<p>Ch\u00fang t\u00f4i cam k\u1ebft lu\u00f4n \u0111\u1ed3ng h\u00e0nh c\u00f9ng b\u1ea1n trong qu\u00e1 tr\u00ecnh h\u1ecdc t\u1eadp. H\u00e3y \u0111\u1ec3 T\u00e0i li\u1ec7u di\u1ec7u k\u1ef3 tr\u1edf th\u00e0nh ng\u01b0\u1eddi b\u1ea1n \u0111\u1ed3ng h\u00e0nh \u0111\u00e1ng tin c\u1eady c\u1ee7a b\u1ea1n!<br><\/p>\n\n\n","protected":false},"excerpt":{"rendered":"","protected":false},"author":1,"featured_media":0,"parent":0,"menu_order":0,"comment_status":"closed","ping_status":"closed","template":"","meta":{"pagelayer_contact_templates":[],"_pagelayer_content":"","footnotes":""},"yoast_head":"<!-- This site is optimized with the Yoast SEO plugin v27.4 - https:\/\/yoast.com\/product\/yoast-seo-wordpress\/ -->\n<title>About us | T\u00e0i li\u1ec7u di\u1ec7u k\u1ef3<\/title>\n<meta name=\"description\" content=\"Gi\u1edbi thi\u1ec7u website T\u00e0i li\u1ec7u di\u1ec7u k\u1ef3\" \/>\n<meta name=\"robots\" content=\"index, follow, max-snippet:-1, max-image-preview:large, max-video-preview:-1\" \/>\n<link rel=\"canonical\" href=\"https:\/\/tailieudieuky.com\/baiviet\/about-us\/\" \/>\n<meta property=\"og:locale\" content=\"vi_VN\" \/>\n<meta property=\"og:type\" content=\"article\" \/>\n<meta property=\"og:title\" content=\"About us | T\u00e0i li\u1ec7u di\u1ec7u k\u1ef3\" \/>\n<meta property=\"og:description\" content=\"Gi\u1edbi thi\u1ec7u website T\u00e0i li\u1ec7u di\u1ec7u k\u1ef3\" \/>\n<meta property=\"og:url\" content=\"https:\/\/tailieudieuky.com\/baiviet\/about-us\/\" \/>\n<meta property=\"og:site_name\" content=\"T\u00e0i li\u1ec7u di\u1ec7u k\u1ef3\" \/>\n<meta property=\"article:publisher\" content=\"https:\/\/www.facebook.com\/tailieudieuky\" \/>\n<meta property=\"article:modified_time\" content=\"2023-12-08T14:27:09+00:00\" \/>\n<meta property=\"og:image\" content=\"https:\/\/tailieudieuky.com\/baiviet\/wp-content\/uploads\/2022\/12\/cropped-tailieudieuky-1.jpg\" \/>\n\t<meta property=\"og:image:width\" content=\"599\" \/>\n\t<meta property=\"og:image:height\" content=\"599\" \/>\n\t<meta property=\"og:image:type\" content=\"image\/jpeg\" \/>\n<meta name=\"twitter:card\" content=\"summary_large_image\" \/>\n<meta name=\"twitter:label1\" content=\"\u01af\u1edbc t\u00ednh th\u1eddi gian \u0111\u1ecdc\" \/>\n\t<meta name=\"twitter:data1\" content=\"1 ph\u00fat\" \/>\n<script type=\"application\/ld+json\" class=\"yoast-schema-graph\">{\"@context\":\"https:\\\/\\\/schema.org\",\"@graph\":[{\"@type\":\"WebPage\",\"@id\":\"https:\\\/\\\/tailieudieuky.com\\\/baiviet\\\/about-us\\\/\",\"url\":\"https:\\\/\\\/tailieudieuky.com\\\/baiviet\\\/about-us\\\/\",\"name\":\"About us | T\u00e0i li\u1ec7u di\u1ec7u k\u1ef3\",\"isPartOf\":{\"@id\":\"https:\\\/\\\/tailieudieuky.com\\\/baiviet\\\/#website\"},\"datePublished\":\"2022-10-28T19:08:17+00:00\",\"dateModified\":\"2023-12-08T14:27:09+00:00\",\"description\":\"Gi\u1edbi thi\u1ec7u website T\u00e0i li\u1ec7u di\u1ec7u k\u1ef3\",\"breadcrumb\":{\"@id\":\"https:\\\/\\\/tailieudieuky.com\\\/baiviet\\\/about-us\\\/#breadcrumb\"},\"inLanguage\":\"vi\",\"potentialAction\":[{\"@type\":\"ReadAction\",\"target\":[\"https:\\\/\\\/tailieudieuky.com\\\/baiviet\\\/about-us\\\/\"]}]},{\"@type\":\"BreadcrumbList\",\"@id\":\"https:\\\/\\\/tailieudieuky.com\\\/baiviet\\\/about-us\\\/#breadcrumb\",\"itemListElement\":[{\"@type\":\"ListItem\",\"position\":1,\"name\":\"T\u00e0i li\u1ec7u\",\"item\":\"https:\\\/\\\/tailieudieuky.com\\\/baiviet\\\/\"},{\"@type\":\"ListItem\",\"position\":2,\"name\":\"About us\"}]},{\"@type\":\"WebSite\",\"@id\":\"https:\\\/\\\/tailieudieuky.com\\\/baiviet\\\/#website\",\"url\":\"https:\\\/\\\/tailieudieuky.com\\\/baiviet\\\/\",\"name\":\"T\u00e0i li\u1ec7u di\u1ec7u k\u1ef3\",\"description\":\"Website chia s\u1ebb ki\u1ebfn th\u1ee9c v\u00e0 t\u00e0i li\u1ec7u Ti\u1ebfng Anh\",\"publisher\":{\"@id\":\"https:\\\/\\\/tailieudieuky.com\\\/baiviet\\\/#organization\"},\"alternateName\":\"TLDK\",\"potentialAction\":[{\"@type\":\"SearchAction\",\"target\":{\"@type\":\"EntryPoint\",\"urlTemplate\":\"https:\\\/\\\/tailieudieuky.com\\\/baiviet\\\/?s={search_term_string}\"},\"query-input\":{\"@type\":\"PropertyValueSpecification\",\"valueRequired\":true,\"valueName\":\"search_term_string\"}}],\"inLanguage\":\"vi\"},{\"@type\":\"Organization\",\"@id\":\"https:\\\/\\\/tailieudieuky.com\\\/baiviet\\\/#organization\",\"name\":\"T\u00e0i li\u1ec7u di\u1ec7u k\u1ef3\",\"url\":\"https:\\\/\\\/tailieudieuky.com\\\/baiviet\\\/\",\"logo\":{\"@type\":\"ImageObject\",\"inLanguage\":\"vi\",\"@id\":\"https:\\\/\\\/tailieudieuky.com\\\/baiviet\\\/#\\\/schema\\\/logo\\\/image\\\/\",\"url\":\"https:\\\/\\\/tailieudieuky.com\\\/baiviet\\\/wp-content\\\/uploads\\\/2022\\\/12\\\/cropped-tailieudieuky-1.jpg\",\"contentUrl\":\"https:\\\/\\\/tailieudieuky.com\\\/baiviet\\\/wp-content\\\/uploads\\\/2022\\\/12\\\/cropped-tailieudieuky-1.jpg\",\"width\":599,\"height\":599,\"caption\":\"T\u00e0i li\u1ec7u di\u1ec7u k\u1ef3\"},\"image\":{\"@id\":\"https:\\\/\\\/tailieudieuky.com\\\/baiviet\\\/#\\\/schema\\\/logo\\\/image\\\/\"},\"sameAs\":[\"https:\\\/\\\/www.facebook.com\\\/tailieudieuky\"]}]}<\/script>\n<!-- \/ Yoast SEO plugin. -->","yoast_head_json":{"title":"About us | T\u00e0i li\u1ec7u di\u1ec7u k\u1ef3","description":"Gi\u1edbi thi\u1ec7u website T\u00e0i li\u1ec7u di\u1ec7u k\u1ef3","robots":{"index":"index","follow":"follow","max-snippet":"max-snippet:-1","max-image-preview":"max-image-preview:large","max-video-preview":"max-video-preview:-1"},"canonical":"https:\/\/tailieudieuky.com\/baiviet\/about-us\/","og_locale":"vi_VN","og_type":"article","og_title":"About us | T\u00e0i li\u1ec7u di\u1ec7u k\u1ef3","og_description":"Gi\u1edbi thi\u1ec7u website T\u00e0i li\u1ec7u di\u1ec7u k\u1ef3","og_url":"https:\/\/tailieudieuky.com\/baiviet\/about-us\/","og_site_name":"T\u00e0i li\u1ec7u di\u1ec7u k\u1ef3","article_publisher":"https:\/\/www.facebook.com\/tailieudieuky","article_modified_time":"2023-12-08T14:27:09+00:00","og_image":[{"width":599,"height":599,"url":"https:\/\/tailieudieuky.com\/baiviet\/wp-content\/uploads\/2022\/12\/cropped-tailieudieuky-1.jpg","type":"image\/jpeg"}],"twitter_card":"summary_large_image","twitter_misc":{"\u01af\u1edbc t\u00ednh th\u1eddi gian \u0111\u1ecdc":"1 ph\u00fat"},"schema":{"@context":"https:\/\/schema.org","@graph":[{"@type":"WebPage","@id":"https:\/\/tailieudieuky.com\/baiviet\/about-us\/","url":"https:\/\/tailieudieuky.com\/baiviet\/about-us\/","name":"About us | T\u00e0i li\u1ec7u di\u1ec7u k\u1ef3","isPartOf":{"@id":"https:\/\/tailieudieuky.com\/baiviet\/#website"},"datePublished":"2022-10-28T19:08:17+00:00","dateModified":"2023-12-08T14:27:09+00:00","description":"Gi\u1edbi thi\u1ec7u website T\u00e0i li\u1ec7u di\u1ec7u k\u1ef3","breadcrumb":{"@id":"https:\/\/tailieudieuky.com\/baiviet\/about-us\/#breadcrumb"},"inLanguage":"vi","potentialAction":[{"@type":"ReadAction","target":["https:\/\/tailieudieuky.com\/baiviet\/about-us\/"]}]},{"@type":"BreadcrumbList","@id":"https:\/\/tailieudieuky.com\/baiviet\/about-us\/#breadcrumb","itemListElement":[{"@type":"ListItem","position":1,"name":"T\u00e0i li\u1ec7u","item":"https:\/\/tailieudieuky.com\/baiviet\/"},{"@type":"ListItem","position":2,"name":"About us"}]},{"@type":"WebSite","@id":"https:\/\/tailieudieuky.com\/baiviet\/#website","url":"https:\/\/tailieudieuky.com\/baiviet\/","name":"T\u00e0i li\u1ec7u di\u1ec7u k\u1ef3","description":"Website chia s\u1ebb ki\u1ebfn th\u1ee9c v\u00e0 t\u00e0i li\u1ec7u Ti\u1ebfng Anh","publisher":{"@id":"https:\/\/tailieudieuky.com\/baiviet\/#organization"},"alternateName":"TLDK","potentialAction":[{"@type":"SearchAction","target":{"@type":"EntryPoint","urlTemplate":"https:\/\/tailieudieuky.com\/baiviet\/?s={search_term_string}"},"query-input":{"@type":"PropertyValueSpecification","valueRequired":true,"valueName":"search_term_string"}}],"inLanguage":"vi"},{"@type":"Organization","@id":"https:\/\/tailieudieuky.com\/baiviet\/#organization","name":"T\u00e0i li\u1ec7u di\u1ec7u k\u1ef3","url":"https:\/\/tailieudieuky.com\/baiviet\/","logo":{"@type":"ImageObject","inLanguage":"vi","@id":"https:\/\/tailieudieuky.com\/baiviet\/#\/schema\/logo\/image\/","url":"https:\/\/tailieudieuky.com\/baiviet\/wp-content\/uploads\/2022\/12\/cropped-tailieudieuky-1.jpg","contentUrl":"https:\/\/tailieudieuky.com\/baiviet\/wp-content\/uploads\/2022\/12\/cropped-tailieudieuky-1.jpg","width":599,"height":599,"caption":"T\u00e0i li\u1ec7u di\u1ec7u k\u1ef3"},"image":{"@id":"https:\/\/tailieudieuky.com\/baiviet\/#\/schema\/logo\/image\/"},"sameAs":["https:\/\/www.facebook.com\/tailieudieuky"]}]}},"amp_enabled":true,"_links":{"self":[{"href":"https:\/\/tailieudieuky.com\/baiviet\/wp-json\/wp\/v2\/pages\/746"}],"collection":[{"href":"https:\/\/tailieudieuky.com\/baiviet\/wp-json\/wp\/v2\/pages"}],"about":[{"href":"https:\/\/tailieudieuky.com\/baiviet\/wp-json\/wp\/v2\/types\/page"}],"author":[{"embeddable":true,"href":"https:\/\/tailieudieuky.com\/baiviet\/wp-json\/wp\/v2\/users\/1"}],"replies":[{"embeddable":true,"href":"https:\/\/tailieudieuky.com\/baiviet\/wp-json\/wp\/v2\/comments?post=746"}],"version-history":[{"count":13,"href":"https:\/\/tailieudieuky.com\/baiviet\/wp-json\/wp\/v2\/pages\/746\/revisions"}],"predecessor-version":[{"id":6479,"href":"https:\/\/tailieudieuky.com\/baiviet\/wp-json\/wp\/v2\/pages\/746\/revisions\/6479"}],"wp:attachment":[{"href":"https:\/\/tailieudieuky.com\/baiviet\/wp-json\/wp\/v2\/media?parent=746"}],"curies":[{"name":"wp","href":"https:\/\/api.w.org\/{rel}","templated":true}]}}