{"id":738,"date":"2022-10-29T01:49:10","date_gmt":"2022-10-28T18:49:10","guid":{"rendered":"http:\/\/tailieudieuky.com\/baiviet\/?page_id=738"},"modified":"2023-03-01T18:32:29","modified_gmt":"2023-03-01T11:32:29","slug":"contact","status":"publish","type":"page","link":"https:\/\/tailieudieuky.com\/baiviet\/contact\/","title":{"rendered":"Contact"},"content":{"rendered":"\r\n\r\n\r\n\r\n\r\n\r\n\r\n<h2>CONTACT T\u00c0I LI\u1ec6U DI\u1ec6U K\u1ef2<\/h2>\r\n\r\n\r\n\r\n\r\n\r\n\r\n\r\n<p><b> N\u1ebfu c\u00f3 b\u1ea5t k\u1ef3 c\u00e2u h\u1ecfi ho\u1eb7c y\u00eau c\u1ea7u n\u00e0o v\u1ec1 T\u00e0i li\u1ec7u di\u1ec7u k\u1ef3, h\u00e3y li\u00ean h\u1ec7 v\u1edbi ch\u00fang t\u00f4i theo th\u00f4ng tin sau \u0111\u00e2y:\u00a0<\/b><\/p>\r\n<div><b>Email: <\/b>tailieudieuky@gmail.com\u00a0<\/div>\r\n<div><b>Fanpage: <\/b>T\u00e0i li\u1ec7u di\u1ec7u k\u1ef3 (https:\/\/www.facebook.com\/tailieudieuky)\u00a0<\/div>\r\n<div><b>Facebook group:<\/b> T\u00e0i li\u1ec7u di\u1ec7u k\u1ef3 &#8211; Official Group (https:\/\/www.facebook.com\/groups\/tailieudieuky)\u00a0<\/div>\r\n<div><b>Website:<\/b> https:\/\/tailieudieuky.com\/\u00a0\r\n<div>H\u00e3y \u0111\u1ec3 ch\u00fang t\u00f4i \u0111\u1ed3ng h\u00e0nh gi\u00fap b\u1ea1n \u0111\u1ea1t \u0111\u01b0\u1ee3c m\u1ee5c ti\u00eau h\u1ecdc t\u1eadp c\u1ee7a m\u00ecnh v\u00e0 ph\u00e1t tri\u1ec3n t\u1ed1i \u0111a ti\u1ec1m n\u0103ng c\u1ee7a b\u1ea3n th\u00e2n!<\/div>\r\n<\/div>\r\n\r\n<p>&nbsp;<\/p>","protected":false},"excerpt":{"rendered":"<p>&nbsp;<\/p>\n","protected":false},"author":1,"featured_media":0,"parent":0,"menu_order":0,"comment_status":"closed","ping_status":"closed","template":"","meta":{"pagelayer_contact_templates":[],"_pagelayer_content":"","footnotes":""},"yoast_head":"<!-- This site is optimized with the Yoast SEO plugin v27.4 - https:\/\/yoast.com\/product\/yoast-seo-wordpress\/ -->\n<title>Contact | T\u00e0i li\u1ec7u di\u1ec7u k\u1ef3<\/title>\n<meta name=\"description\" content=\"Th\u00f4ng tin li\u00ean h\u1ec7 ch\u00ednh th\u1ee9c c\u1ee7a T\u00e0i li\u1ec7u di\u1ec7u k\u1ef3\" \/>\n<meta name=\"robots\" content=\"index, follow, max-snippet:-1, max-image-preview:large, max-video-preview:-1\" \/>\n<link rel=\"canonical\" href=\"https:\/\/tailieudieuky.com\/baiviet\/contact\/\" \/>\n<meta property=\"og:locale\" content=\"vi_VN\" \/>\n<meta property=\"og:type\" content=\"article\" \/>\n<meta property=\"og:title\" content=\"Contact | T\u00e0i li\u1ec7u di\u1ec7u k\u1ef3\" \/>\n<meta property=\"og:description\" content=\"Th\u00f4ng tin li\u00ean h\u1ec7 ch\u00ednh th\u1ee9c c\u1ee7a T\u00e0i li\u1ec7u di\u1ec7u k\u1ef3\" \/>\n<meta property=\"og:url\" content=\"https:\/\/tailieudieuky.com\/baiviet\/contact\/\" \/>\n<meta property=\"og:site_name\" content=\"T\u00e0i li\u1ec7u di\u1ec7u k\u1ef3\" \/>\n<meta property=\"article:publisher\" content=\"https:\/\/www.facebook.com\/tailieudieuky\" \/>\n<meta property=\"article:modified_time\" content=\"2023-03-01T11:32:29+00:00\" \/>\n<meta property=\"og:image\" content=\"https:\/\/tailieudieuky.com\/baiviet\/wp-content\/uploads\/2022\/12\/cropped-tailieudieuky-1.jpg\" \/>\n\t<meta property=\"og:image:width\" content=\"599\" \/>\n\t<meta property=\"og:image:height\" content=\"599\" \/>\n\t<meta property=\"og:image:type\" content=\"image\/jpeg\" \/>\n<meta name=\"twitter:card\" content=\"summary_large_image\" \/>\n<meta name=\"twitter:label1\" content=\"\u01af\u1edbc t\u00ednh th\u1eddi gian \u0111\u1ecdc\" \/>\n\t<meta name=\"twitter:data1\" content=\"1 ph\u00fat\" \/>\n<script type=\"application\/ld+json\" class=\"yoast-schema-graph\">{\"@context\":\"https:\\\/\\\/schema.org\",\"@graph\":[{\"@type\":\"WebPage\",\"@id\":\"https:\\\/\\\/tailieudieuky.com\\\/baiviet\\\/contact\\\/\",\"url\":\"https:\\\/\\\/tailieudieuky.com\\\/baiviet\\\/contact\\\/\",\"name\":\"Contact | T\u00e0i li\u1ec7u di\u1ec7u k\u1ef3\",\"isPartOf\":{\"@id\":\"https:\\\/\\\/tailieudieuky.com\\\/baiviet\\\/#website\"},\"datePublished\":\"2022-10-28T18:49:10+00:00\",\"dateModified\":\"2023-03-01T11:32:29+00:00\",\"description\":\"Th\u00f4ng tin li\u00ean h\u1ec7 ch\u00ednh th\u1ee9c c\u1ee7a T\u00e0i li\u1ec7u di\u1ec7u k\u1ef3\",\"breadcrumb\":{\"@id\":\"https:\\\/\\\/tailieudieuky.com\\\/baiviet\\\/contact\\\/#breadcrumb\"},\"inLanguage\":\"vi\",\"potentialAction\":[{\"@type\":\"ReadAction\",\"target\":[\"https:\\\/\\\/tailieudieuky.com\\\/baiviet\\\/contact\\\/\"]}]},{\"@type\":\"BreadcrumbList\",\"@id\":\"https:\\\/\\\/tailieudieuky.com\\\/baiviet\\\/contact\\\/#breadcrumb\",\"itemListElement\":[{\"@type\":\"ListItem\",\"position\":1,\"name\":\"T\u00e0i li\u1ec7u\",\"item\":\"https:\\\/\\\/tailieudieuky.com\\\/baiviet\\\/\"},{\"@type\":\"ListItem\",\"position\":2,\"name\":\"Contact\"}]},{\"@type\":\"WebSite\",\"@id\":\"https:\\\/\\\/tailieudieuky.com\\\/baiviet\\\/#website\",\"url\":\"https:\\\/\\\/tailieudieuky.com\\\/baiviet\\\/\",\"name\":\"T\u00e0i li\u1ec7u di\u1ec7u k\u1ef3\",\"description\":\"Website chia s\u1ebb ki\u1ebfn th\u1ee9c v\u00e0 t\u00e0i li\u1ec7u Ti\u1ebfng Anh\",\"publisher\":{\"@id\":\"https:\\\/\\\/tailieudieuky.com\\\/baiviet\\\/#organization\"},\"alternateName\":\"TLDK\",\"potentialAction\":[{\"@type\":\"SearchAction\",\"target\":{\"@type\":\"EntryPoint\",\"urlTemplate\":\"https:\\\/\\\/tailieudieuky.com\\\/baiviet\\\/?s={search_term_string}\"},\"query-input\":{\"@type\":\"PropertyValueSpecification\",\"valueRequired\":true,\"valueName\":\"search_term_string\"}}],\"inLanguage\":\"vi\"},{\"@type\":\"Organization\",\"@id\":\"https:\\\/\\\/tailieudieuky.com\\\/baiviet\\\/#organization\",\"name\":\"T\u00e0i li\u1ec7u di\u1ec7u k\u1ef3\",\"url\":\"https:\\\/\\\/tailieudieuky.com\\\/baiviet\\\/\",\"logo\":{\"@type\":\"ImageObject\",\"inLanguage\":\"vi\",\"@id\":\"https:\\\/\\\/tailieudieuky.com\\\/baiviet\\\/#\\\/schema\\\/logo\\\/image\\\/\",\"url\":\"https:\\\/\\\/tailieudieuky.com\\\/baiviet\\\/wp-content\\\/uploads\\\/2022\\\/12\\\/cropped-tailieudieuky-1.jpg\",\"contentUrl\":\"https:\\\/\\\/tailieudieuky.com\\\/baiviet\\\/wp-content\\\/uploads\\\/2022\\\/12\\\/cropped-tailieudieuky-1.jpg\",\"width\":599,\"height\":599,\"caption\":\"T\u00e0i li\u1ec7u di\u1ec7u k\u1ef3\"},\"image\":{\"@id\":\"https:\\\/\\\/tailieudieuky.com\\\/baiviet\\\/#\\\/schema\\\/logo\\\/image\\\/\"},\"sameAs\":[\"https:\\\/\\\/www.facebook.com\\\/tailieudieuky\"]}]}<\/script>\n<!-- \/ Yoast SEO plugin. -->","yoast_head_json":{"title":"Contact | T\u00e0i li\u1ec7u di\u1ec7u k\u1ef3","description":"Th\u00f4ng tin li\u00ean h\u1ec7 ch\u00ednh th\u1ee9c c\u1ee7a T\u00e0i li\u1ec7u di\u1ec7u k\u1ef3","robots":{"index":"index","follow":"follow","max-snippet":"max-snippet:-1","max-image-preview":"max-image-preview:large","max-video-preview":"max-video-preview:-1"},"canonical":"https:\/\/tailieudieuky.com\/baiviet\/contact\/","og_locale":"vi_VN","og_type":"article","og_title":"Contact | T\u00e0i li\u1ec7u di\u1ec7u k\u1ef3","og_description":"Th\u00f4ng tin li\u00ean h\u1ec7 ch\u00ednh th\u1ee9c c\u1ee7a T\u00e0i li\u1ec7u di\u1ec7u k\u1ef3","og_url":"https:\/\/tailieudieuky.com\/baiviet\/contact\/","og_site_name":"T\u00e0i li\u1ec7u di\u1ec7u k\u1ef3","article_publisher":"https:\/\/www.facebook.com\/tailieudieuky","article_modified_time":"2023-03-01T11:32:29+00:00","og_image":[{"width":599,"height":599,"url":"https:\/\/tailieudieuky.com\/baiviet\/wp-content\/uploads\/2022\/12\/cropped-tailieudieuky-1.jpg","type":"image\/jpeg"}],"twitter_card":"summary_large_image","twitter_misc":{"\u01af\u1edbc t\u00ednh th\u1eddi gian \u0111\u1ecdc":"1 ph\u00fat"},"schema":{"@context":"https:\/\/schema.org","@graph":[{"@type":"WebPage","@id":"https:\/\/tailieudieuky.com\/baiviet\/contact\/","url":"https:\/\/tailieudieuky.com\/baiviet\/contact\/","name":"Contact | T\u00e0i li\u1ec7u di\u1ec7u k\u1ef3","isPartOf":{"@id":"https:\/\/tailieudieuky.com\/baiviet\/#website"},"datePublished":"2022-10-28T18:49:10+00:00","dateModified":"2023-03-01T11:32:29+00:00","description":"Th\u00f4ng tin li\u00ean h\u1ec7 ch\u00ednh th\u1ee9c c\u1ee7a T\u00e0i li\u1ec7u di\u1ec7u k\u1ef3","breadcrumb":{"@id":"https:\/\/tailieudieuky.com\/baiviet\/contact\/#breadcrumb"},"inLanguage":"vi","potentialAction":[{"@type":"ReadAction","target":["https:\/\/tailieudieuky.com\/baiviet\/contact\/"]}]},{"@type":"BreadcrumbList","@id":"https:\/\/tailieudieuky.com\/baiviet\/contact\/#breadcrumb","itemListElement":[{"@type":"ListItem","position":1,"name":"T\u00e0i li\u1ec7u","item":"https:\/\/tailieudieuky.com\/baiviet\/"},{"@type":"ListItem","position":2,"name":"Contact"}]},{"@type":"WebSite","@id":"https:\/\/tailieudieuky.com\/baiviet\/#website","url":"https:\/\/tailieudieuky.com\/baiviet\/","name":"T\u00e0i li\u1ec7u di\u1ec7u k\u1ef3","description":"Website chia s\u1ebb ki\u1ebfn th\u1ee9c v\u00e0 t\u00e0i li\u1ec7u Ti\u1ebfng Anh","publisher":{"@id":"https:\/\/tailieudieuky.com\/baiviet\/#organization"},"alternateName":"TLDK","potentialAction":[{"@type":"SearchAction","target":{"@type":"EntryPoint","urlTemplate":"https:\/\/tailieudieuky.com\/baiviet\/?s={search_term_string}"},"query-input":{"@type":"PropertyValueSpecification","valueRequired":true,"valueName":"search_term_string"}}],"inLanguage":"vi"},{"@type":"Organization","@id":"https:\/\/tailieudieuky.com\/baiviet\/#organization","name":"T\u00e0i li\u1ec7u di\u1ec7u k\u1ef3","url":"https:\/\/tailieudieuky.com\/baiviet\/","logo":{"@type":"ImageObject","inLanguage":"vi","@id":"https:\/\/tailieudieuky.com\/baiviet\/#\/schema\/logo\/image\/","url":"https:\/\/tailieudieuky.com\/baiviet\/wp-content\/uploads\/2022\/12\/cropped-tailieudieuky-1.jpg","contentUrl":"https:\/\/tailieudieuky.com\/baiviet\/wp-content\/uploads\/2022\/12\/cropped-tailieudieuky-1.jpg","width":599,"height":599,"caption":"T\u00e0i li\u1ec7u di\u1ec7u k\u1ef3"},"image":{"@id":"https:\/\/tailieudieuky.com\/baiviet\/#\/schema\/logo\/image\/"},"sameAs":["https:\/\/www.facebook.com\/tailieudieuky"]}]}},"amp_enabled":true,"_links":{"self":[{"href":"https:\/\/tailieudieuky.com\/baiviet\/wp-json\/wp\/v2\/pages\/738"}],"collection":[{"href":"https:\/\/tailieudieuky.com\/baiviet\/wp-json\/wp\/v2\/pages"}],"about":[{"href":"https:\/\/tailieudieuky.com\/baiviet\/wp-json\/wp\/v2\/types\/page"}],"author":[{"embeddable":true,"href":"https:\/\/tailieudieuky.com\/baiviet\/wp-json\/wp\/v2\/users\/1"}],"replies":[{"embeddable":true,"href":"https:\/\/tailieudieuky.com\/baiviet\/wp-json\/wp\/v2\/comments?post=738"}],"version-history":[{"count":13,"href":"https:\/\/tailieudieuky.com\/baiviet\/wp-json\/wp\/v2\/pages\/738\/revisions"}],"predecessor-version":[{"id":3148,"href":"https:\/\/tailieudieuky.com\/baiviet\/wp-json\/wp\/v2\/pages\/738\/revisions\/3148"}],"wp:attachment":[{"href":"https:\/\/tailieudieuky.com\/baiviet\/wp-json\/wp\/v2\/media?parent=738"}],"curies":[{"name":"wp","href":"https:\/\/api.w.org\/{rel}","templated":true}]}}