{"id":32,"date":"2022-09-23T06:53:58","date_gmt":"2022-09-22T23:53:58","guid":{"rendered":"http:\/\/tailieudieuky.com\/baiviet\/about\/"},"modified":"2023-03-01T18:32:44","modified_gmt":"2023-03-01T11:32:44","slug":"donate-helpsomeoneinneed","status":"publish","type":"page","link":"https:\/\/tailieudieuky.com\/baiviet\/donate-helpsomeoneinneed\/","title":{"rendered":"\u0110\u00f3ng g\u00f3p t\u00e0i li\u1ec7u"},"content":{"rendered":"\r\n\r\n\r\n\r\n\r\n\r\n\r\n<h2>\u0110\u00d3NG G\u00d3P T\u00c0I LI\u1ec6U<\/h2>\r\n\r\n\r\n\r\n<p><span style=\"color: #015ca1; font-family: 'EB Garamond'; font-size: 18px;\">B\u1ea1n c\u00f3 th\u1ec3 g\u1eedi t\u00e0i li\u1ec7u \u0111\u1ebfn T\u00e0i li\u1ec7u di\u1ec7u k\u1ef3 b\u1eb1ng m\u1ed9t trong nh\u1eefng c\u00e1ch sau:<\/span><\/p>\r\n<p style=\"color: #015ca1; font-family: 'EB Garamond';\"><strong>(1) Email: tailieudieuky@gmail.com<\/strong><\/p>\r\n<p style=\"color: #015ca1; font-family: 'EB Garamond';\"><strong>(2) Fanpage: T\u00e0i li\u1ec7u di\u1ec7u k\u1ef3 (https:\/\/www.facebook.com\/tailieudieuky)<\/strong><\/p>\r\n<p style=\"color: #015ca1; font-family: 'EB Garamond';\"><strong>(3) Chatbot c\u00f3 s\u1eb5n t\u1ea1i website (G\u00f3c tay ph\u1ea3i m\u00e0n h\u00ecnh)<\/strong><\/p>\r\n\r\n\r\n\r\n<p><span style=\"color: #015ca1; font-family: EB Garamond;\">&#8220;Your donation makes a difference.&#8221;<\/span><\/p>\r\n\r\n\r\n\r\n<p><span style=\"color: #015ca1; font-family: EB Garamond;\"><span style=\"font-size: 18px;\">T\u00e0i li\u1ec7u di\u1ec7u k\u1ef3<\/span><\/span><\/p>\r\n\r\n<p>&nbsp;<\/p>","protected":false},"excerpt":{"rendered":"<p>&nbsp;<\/p>\n","protected":false},"author":1,"featured_media":2555,"parent":0,"menu_order":0,"comment_status":"closed","ping_status":"closed","template":"","meta":{"pagelayer_contact_templates":[],"_pagelayer_content":"","footnotes":""},"yoast_head":"<!-- This site is optimized with the Yoast SEO plugin v27.4 - https:\/\/yoast.com\/product\/yoast-seo-wordpress\/ -->\n<title>\u0110\u00f3ng g\u00f3p t\u00e0i li\u1ec7u | T\u00e0i li\u1ec7u di\u1ec7u k\u1ef3<\/title>\n<meta name=\"description\" content=\"Chung tay c\u00f9ng T\u00e0i li\u1ec7u di\u1ec7u k\u1ef3 chia s\u1ebb nh\u1eefng t\u00e0i li\u1ec7u h\u1eefu \u00edch \u0111\u1ebfn ng\u01b0\u1eddi h\u1ecdc Ti\u1ebfng Anh tr\u00ean kh\u1eafp Vi\u1ec7t Nam.\" \/>\n<meta name=\"robots\" content=\"index, follow, max-snippet:-1, max-image-preview:large, max-video-preview:-1\" \/>\n<link rel=\"canonical\" href=\"https:\/\/tailieudieuky.com\/baiviet\/donate-helpsomeoneinneed\/\" \/>\n<meta property=\"og:locale\" content=\"vi_VN\" \/>\n<meta property=\"og:type\" content=\"article\" \/>\n<meta property=\"og:title\" content=\"\u0110\u00f3ng g\u00f3p t\u00e0i li\u1ec7u | T\u00e0i li\u1ec7u di\u1ec7u k\u1ef3\" \/>\n<meta property=\"og:description\" content=\"Chung tay c\u00f9ng T\u00e0i li\u1ec7u di\u1ec7u k\u1ef3 chia s\u1ebb nh\u1eefng t\u00e0i li\u1ec7u h\u1eefu \u00edch \u0111\u1ebfn ng\u01b0\u1eddi h\u1ecdc Ti\u1ebfng Anh tr\u00ean kh\u1eafp Vi\u1ec7t Nam.\" \/>\n<meta property=\"og:url\" content=\"https:\/\/tailieudieuky.com\/baiviet\/donate-helpsomeoneinneed\/\" \/>\n<meta property=\"og:site_name\" content=\"T\u00e0i li\u1ec7u di\u1ec7u k\u1ef3\" \/>\n<meta property=\"article:publisher\" content=\"https:\/\/www.facebook.com\/tailieudieuky\" \/>\n<meta property=\"article:modified_time\" content=\"2023-03-01T11:32:44+00:00\" \/>\n<meta property=\"og:image\" content=\"https:\/\/tailieudieuky.com\/baiviet\/wp-content\/uploads\/2022\/12\/share-tldk.png\" \/>\n\t<meta property=\"og:image:width\" content=\"1076\" \/>\n\t<meta property=\"og:image:height\" content=\"1080\" \/>\n\t<meta property=\"og:image:type\" content=\"image\/png\" \/>\n<meta name=\"twitter:card\" content=\"summary_large_image\" \/>\n<meta name=\"twitter:label1\" content=\"\u01af\u1edbc t\u00ednh th\u1eddi gian \u0111\u1ecdc\" \/>\n\t<meta name=\"twitter:data1\" content=\"1 ph\u00fat\" \/>\n<script type=\"application\/ld+json\" class=\"yoast-schema-graph\">{\"@context\":\"https:\\\/\\\/schema.org\",\"@graph\":[{\"@type\":\"WebPage\",\"@id\":\"https:\\\/\\\/tailieudieuky.com\\\/baiviet\\\/donate-helpsomeoneinneed\\\/\",\"url\":\"https:\\\/\\\/tailieudieuky.com\\\/baiviet\\\/donate-helpsomeoneinneed\\\/\",\"name\":\"\u0110\u00f3ng g\u00f3p t\u00e0i li\u1ec7u | T\u00e0i li\u1ec7u di\u1ec7u k\u1ef3\",\"isPartOf\":{\"@id\":\"https:\\\/\\\/tailieudieuky.com\\\/baiviet\\\/#website\"},\"primaryImageOfPage\":{\"@id\":\"https:\\\/\\\/tailieudieuky.com\\\/baiviet\\\/donate-helpsomeoneinneed\\\/#primaryimage\"},\"image\":{\"@id\":\"https:\\\/\\\/tailieudieuky.com\\\/baiviet\\\/donate-helpsomeoneinneed\\\/#primaryimage\"},\"thumbnailUrl\":\"https:\\\/\\\/tailieudieuky.com\\\/baiviet\\\/wp-content\\\/uploads\\\/2022\\\/12\\\/share-tldk.png\",\"datePublished\":\"2022-09-22T23:53:58+00:00\",\"dateModified\":\"2023-03-01T11:32:44+00:00\",\"description\":\"Chung tay c\u00f9ng T\u00e0i li\u1ec7u di\u1ec7u k\u1ef3 chia s\u1ebb nh\u1eefng t\u00e0i li\u1ec7u h\u1eefu \u00edch \u0111\u1ebfn ng\u01b0\u1eddi h\u1ecdc Ti\u1ebfng Anh tr\u00ean kh\u1eafp Vi\u1ec7t Nam.\",\"breadcrumb\":{\"@id\":\"https:\\\/\\\/tailieudieuky.com\\\/baiviet\\\/donate-helpsomeoneinneed\\\/#breadcrumb\"},\"inLanguage\":\"vi\",\"potentialAction\":[{\"@type\":\"ReadAction\",\"target\":[\"https:\\\/\\\/tailieudieuky.com\\\/baiviet\\\/donate-helpsomeoneinneed\\\/\"]}]},{\"@type\":\"ImageObject\",\"inLanguage\":\"vi\",\"@id\":\"https:\\\/\\\/tailieudieuky.com\\\/baiviet\\\/donate-helpsomeoneinneed\\\/#primaryimage\",\"url\":\"https:\\\/\\\/tailieudieuky.com\\\/baiviet\\\/wp-content\\\/uploads\\\/2022\\\/12\\\/share-tldk.png\",\"contentUrl\":\"https:\\\/\\\/tailieudieuky.com\\\/baiviet\\\/wp-content\\\/uploads\\\/2022\\\/12\\\/share-tldk.png\",\"width\":1076,\"height\":1080},{\"@type\":\"BreadcrumbList\",\"@id\":\"https:\\\/\\\/tailieudieuky.com\\\/baiviet\\\/donate-helpsomeoneinneed\\\/#breadcrumb\",\"itemListElement\":[{\"@type\":\"ListItem\",\"position\":1,\"name\":\"T\u00e0i li\u1ec7u\",\"item\":\"https:\\\/\\\/tailieudieuky.com\\\/baiviet\\\/\"},{\"@type\":\"ListItem\",\"position\":2,\"name\":\"\u0110\u00f3ng g\u00f3p t\u00e0i li\u1ec7u\"}]},{\"@type\":\"WebSite\",\"@id\":\"https:\\\/\\\/tailieudieuky.com\\\/baiviet\\\/#website\",\"url\":\"https:\\\/\\\/tailieudieuky.com\\\/baiviet\\\/\",\"name\":\"T\u00e0i li\u1ec7u di\u1ec7u k\u1ef3\",\"description\":\"Website chia s\u1ebb ki\u1ebfn th\u1ee9c v\u00e0 t\u00e0i li\u1ec7u Ti\u1ebfng Anh\",\"publisher\":{\"@id\":\"https:\\\/\\\/tailieudieuky.com\\\/baiviet\\\/#organization\"},\"alternateName\":\"TLDK\",\"potentialAction\":[{\"@type\":\"SearchAction\",\"target\":{\"@type\":\"EntryPoint\",\"urlTemplate\":\"https:\\\/\\\/tailieudieuky.com\\\/baiviet\\\/?s={search_term_string}\"},\"query-input\":{\"@type\":\"PropertyValueSpecification\",\"valueRequired\":true,\"valueName\":\"search_term_string\"}}],\"inLanguage\":\"vi\"},{\"@type\":\"Organization\",\"@id\":\"https:\\\/\\\/tailieudieuky.com\\\/baiviet\\\/#organization\",\"name\":\"T\u00e0i li\u1ec7u di\u1ec7u k\u1ef3\",\"url\":\"https:\\\/\\\/tailieudieuky.com\\\/baiviet\\\/\",\"logo\":{\"@type\":\"ImageObject\",\"inLanguage\":\"vi\",\"@id\":\"https:\\\/\\\/tailieudieuky.com\\\/baiviet\\\/#\\\/schema\\\/logo\\\/image\\\/\",\"url\":\"https:\\\/\\\/tailieudieuky.com\\\/baiviet\\\/wp-content\\\/uploads\\\/2022\\\/12\\\/cropped-tailieudieuky-1.jpg\",\"contentUrl\":\"https:\\\/\\\/tailieudieuky.com\\\/baiviet\\\/wp-content\\\/uploads\\\/2022\\\/12\\\/cropped-tailieudieuky-1.jpg\",\"width\":599,\"height\":599,\"caption\":\"T\u00e0i li\u1ec7u di\u1ec7u k\u1ef3\"},\"image\":{\"@id\":\"https:\\\/\\\/tailieudieuky.com\\\/baiviet\\\/#\\\/schema\\\/logo\\\/image\\\/\"},\"sameAs\":[\"https:\\\/\\\/www.facebook.com\\\/tailieudieuky\"]}]}<\/script>\n<!-- \/ Yoast SEO plugin. -->","yoast_head_json":{"title":"\u0110\u00f3ng g\u00f3p t\u00e0i li\u1ec7u | T\u00e0i li\u1ec7u di\u1ec7u k\u1ef3","description":"Chung tay c\u00f9ng T\u00e0i li\u1ec7u di\u1ec7u k\u1ef3 chia s\u1ebb nh\u1eefng t\u00e0i li\u1ec7u h\u1eefu \u00edch \u0111\u1ebfn ng\u01b0\u1eddi h\u1ecdc Ti\u1ebfng Anh tr\u00ean kh\u1eafp Vi\u1ec7t Nam.","robots":{"index":"index","follow":"follow","max-snippet":"max-snippet:-1","max-image-preview":"max-image-preview:large","max-video-preview":"max-video-preview:-1"},"canonical":"https:\/\/tailieudieuky.com\/baiviet\/donate-helpsomeoneinneed\/","og_locale":"vi_VN","og_type":"article","og_title":"\u0110\u00f3ng g\u00f3p t\u00e0i li\u1ec7u | T\u00e0i li\u1ec7u di\u1ec7u k\u1ef3","og_description":"Chung tay c\u00f9ng T\u00e0i li\u1ec7u di\u1ec7u k\u1ef3 chia s\u1ebb nh\u1eefng t\u00e0i li\u1ec7u h\u1eefu \u00edch \u0111\u1ebfn ng\u01b0\u1eddi h\u1ecdc Ti\u1ebfng Anh tr\u00ean kh\u1eafp Vi\u1ec7t Nam.","og_url":"https:\/\/tailieudieuky.com\/baiviet\/donate-helpsomeoneinneed\/","og_site_name":"T\u00e0i li\u1ec7u di\u1ec7u k\u1ef3","article_publisher":"https:\/\/www.facebook.com\/tailieudieuky","article_modified_time":"2023-03-01T11:32:44+00:00","og_image":[{"width":1076,"height":1080,"url":"https:\/\/tailieudieuky.com\/baiviet\/wp-content\/uploads\/2022\/12\/share-tldk.png","type":"image\/png"}],"twitter_card":"summary_large_image","twitter_misc":{"\u01af\u1edbc t\u00ednh th\u1eddi gian \u0111\u1ecdc":"1 ph\u00fat"},"schema":{"@context":"https:\/\/schema.org","@graph":[{"@type":"WebPage","@id":"https:\/\/tailieudieuky.com\/baiviet\/donate-helpsomeoneinneed\/","url":"https:\/\/tailieudieuky.com\/baiviet\/donate-helpsomeoneinneed\/","name":"\u0110\u00f3ng g\u00f3p t\u00e0i li\u1ec7u | T\u00e0i li\u1ec7u di\u1ec7u k\u1ef3","isPartOf":{"@id":"https:\/\/tailieudieuky.com\/baiviet\/#website"},"primaryImageOfPage":{"@id":"https:\/\/tailieudieuky.com\/baiviet\/donate-helpsomeoneinneed\/#primaryimage"},"image":{"@id":"https:\/\/tailieudieuky.com\/baiviet\/donate-helpsomeoneinneed\/#primaryimage"},"thumbnailUrl":"https:\/\/tailieudieuky.com\/baiviet\/wp-content\/uploads\/2022\/12\/share-tldk.png","datePublished":"2022-09-22T23:53:58+00:00","dateModified":"2023-03-01T11:32:44+00:00","description":"Chung tay c\u00f9ng T\u00e0i li\u1ec7u di\u1ec7u k\u1ef3 chia s\u1ebb nh\u1eefng t\u00e0i li\u1ec7u h\u1eefu \u00edch \u0111\u1ebfn ng\u01b0\u1eddi h\u1ecdc Ti\u1ebfng Anh tr\u00ean kh\u1eafp Vi\u1ec7t Nam.","breadcrumb":{"@id":"https:\/\/tailieudieuky.com\/baiviet\/donate-helpsomeoneinneed\/#breadcrumb"},"inLanguage":"vi","potentialAction":[{"@type":"ReadAction","target":["https:\/\/tailieudieuky.com\/baiviet\/donate-helpsomeoneinneed\/"]}]},{"@type":"ImageObject","inLanguage":"vi","@id":"https:\/\/tailieudieuky.com\/baiviet\/donate-helpsomeoneinneed\/#primaryimage","url":"https:\/\/tailieudieuky.com\/baiviet\/wp-content\/uploads\/2022\/12\/share-tldk.png","contentUrl":"https:\/\/tailieudieuky.com\/baiviet\/wp-content\/uploads\/2022\/12\/share-tldk.png","width":1076,"height":1080},{"@type":"BreadcrumbList","@id":"https:\/\/tailieudieuky.com\/baiviet\/donate-helpsomeoneinneed\/#breadcrumb","itemListElement":[{"@type":"ListItem","position":1,"name":"T\u00e0i li\u1ec7u","item":"https:\/\/tailieudieuky.com\/baiviet\/"},{"@type":"ListItem","position":2,"name":"\u0110\u00f3ng g\u00f3p t\u00e0i li\u1ec7u"}]},{"@type":"WebSite","@id":"https:\/\/tailieudieuky.com\/baiviet\/#website","url":"https:\/\/tailieudieuky.com\/baiviet\/","name":"T\u00e0i li\u1ec7u di\u1ec7u k\u1ef3","description":"Website chia s\u1ebb ki\u1ebfn th\u1ee9c v\u00e0 t\u00e0i li\u1ec7u Ti\u1ebfng Anh","publisher":{"@id":"https:\/\/tailieudieuky.com\/baiviet\/#organization"},"alternateName":"TLDK","potentialAction":[{"@type":"SearchAction","target":{"@type":"EntryPoint","urlTemplate":"https:\/\/tailieudieuky.com\/baiviet\/?s={search_term_string}"},"query-input":{"@type":"PropertyValueSpecification","valueRequired":true,"valueName":"search_term_string"}}],"inLanguage":"vi"},{"@type":"Organization","@id":"https:\/\/tailieudieuky.com\/baiviet\/#organization","name":"T\u00e0i li\u1ec7u di\u1ec7u k\u1ef3","url":"https:\/\/tailieudieuky.com\/baiviet\/","logo":{"@type":"ImageObject","inLanguage":"vi","@id":"https:\/\/tailieudieuky.com\/baiviet\/#\/schema\/logo\/image\/","url":"https:\/\/tailieudieuky.com\/baiviet\/wp-content\/uploads\/2022\/12\/cropped-tailieudieuky-1.jpg","contentUrl":"https:\/\/tailieudieuky.com\/baiviet\/wp-content\/uploads\/2022\/12\/cropped-tailieudieuky-1.jpg","width":599,"height":599,"caption":"T\u00e0i li\u1ec7u di\u1ec7u k\u1ef3"},"image":{"@id":"https:\/\/tailieudieuky.com\/baiviet\/#\/schema\/logo\/image\/"},"sameAs":["https:\/\/www.facebook.com\/tailieudieuky"]}]}},"amp_enabled":true,"_links":{"self":[{"href":"https:\/\/tailieudieuky.com\/baiviet\/wp-json\/wp\/v2\/pages\/32"}],"collection":[{"href":"https:\/\/tailieudieuky.com\/baiviet\/wp-json\/wp\/v2\/pages"}],"about":[{"href":"https:\/\/tailieudieuky.com\/baiviet\/wp-json\/wp\/v2\/types\/page"}],"author":[{"embeddable":true,"href":"https:\/\/tailieudieuky.com\/baiviet\/wp-json\/wp\/v2\/users\/1"}],"replies":[{"embeddable":true,"href":"https:\/\/tailieudieuky.com\/baiviet\/wp-json\/wp\/v2\/comments?post=32"}],"version-history":[{"count":8,"href":"https:\/\/tailieudieuky.com\/baiviet\/wp-json\/wp\/v2\/pages\/32\/revisions"}],"predecessor-version":[{"id":2606,"href":"https:\/\/tailieudieuky.com\/baiviet\/wp-json\/wp\/v2\/pages\/32\/revisions\/2606"}],"wp:featuredmedia":[{"embeddable":true,"href":"https:\/\/tailieudieuky.com\/baiviet\/wp-json\/wp\/v2\/media\/2555"}],"wp:attachment":[{"href":"https:\/\/tailieudieuky.com\/baiviet\/wp-json\/wp\/v2\/media?parent=32"}],"curies":[{"name":"wp","href":"https:\/\/api.w.org\/{rel}","templated":true}]}}