{"id":163,"date":"2022-09-28T14:22:35","date_gmt":"2022-09-28T07:22:35","guid":{"rendered":"http:\/\/tailieudieuky.com\/baiviet\/?page_id=163"},"modified":"2023-11-12T21:24:24","modified_gmt":"2023-11-12T14:24:24","slug":"donate-us","status":"publish","type":"page","link":"https:\/\/tailieudieuky.com\/baiviet\/donate-us\/","title":{"rendered":"Donate now"},"content":{"rendered":"\n\n\n<h2>Donate<\/h2>\n\n\n\n\n\n<p style=\"text-align:center\"><span style=\"color: rgb(0, 0, 0); font-family: &quot;Merriweather Sans&quot;; font-size: 22px; text-decoration-style: initial;\">B\u1ea1n c\u00f3 th\u1ec3 \u1ee7ng h\u1ed9 website b\u1eb1ng m\u1ed9t trong c\u00e1c c\u00e1ch sau:<\/span><\/p>\n\n\n\n\n\n\n\n\n\n\n\n\n\n\n\n\n\n\n\n","protected":false},"excerpt":{"rendered":"","protected":false},"author":1,"featured_media":2483,"parent":0,"menu_order":0,"comment_status":"closed","ping_status":"closed","template":"","meta":{"pagelayer_contact_templates":[],"_pagelayer_content":"","footnotes":""},"class_list":["post-163","page","type-page","status-publish","has-post-thumbnail","hentry","entry entry-center"],"yoast_head":"<!-- This site is optimized with the Yoast SEO plugin v27.5 - https:\/\/yoast.com\/product\/yoast-seo-wordpress\/ -->\n<title>Donate now | T\u00e0i li\u1ec7u di\u1ec7u k\u1ef3<\/title>\n<meta name=\"description\" content=\"Donate - \u1ee6ng h\u1ed9 T\u00e0i li\u1ec7u di\u1ec7u k\u1ef3. H\u00ecnh th\u1ee9c: v\u00ed Momo, VIETQR, qua t\u00e0i kho\u1ea3n ng\u00e2n h\u00e0ng. H\u00e3y chung tay \u0111\u1ec3 ph\u00e1t tri\u1ec3n c\u1ed9ng \u0111\u1ed3ng T\u00e0i li\u1ec7u di\u1ec7u k\u1ef3\" \/>\n<meta name=\"robots\" content=\"index, follow, max-snippet:-1, max-image-preview:large, max-video-preview:-1\" \/>\n<link rel=\"canonical\" href=\"http:\/\/tailieudieuky.com\/baiviet\/donate-us\/\" \/>\n<meta property=\"og:locale\" content=\"vi_VN\" \/>\n<meta property=\"og:type\" content=\"article\" \/>\n<meta property=\"og:title\" content=\"Donate now | T\u00e0i li\u1ec7u di\u1ec7u k\u1ef3\" \/>\n<meta property=\"og:description\" content=\"Donate - \u1ee6ng h\u1ed9 T\u00e0i li\u1ec7u di\u1ec7u k\u1ef3. H\u00ecnh th\u1ee9c: v\u00ed Momo, VIETQR, qua t\u00e0i kho\u1ea3n ng\u00e2n h\u00e0ng. H\u00e3y chung tay \u0111\u1ec3 ph\u00e1t tri\u1ec3n c\u1ed9ng \u0111\u1ed3ng T\u00e0i li\u1ec7u di\u1ec7u k\u1ef3\" \/>\n<meta property=\"og:url\" content=\"http:\/\/tailieudieuky.com\/baiviet\/donate-us\/\" \/>\n<meta property=\"og:site_name\" content=\"T\u00e0i li\u1ec7u di\u1ec7u k\u1ef3\" \/>\n<meta property=\"article:publisher\" content=\"https:\/\/www.facebook.com\/tailieudieuky\" \/>\n<meta property=\"article:modified_time\" content=\"2023-11-12T14:24:24+00:00\" \/>\n<meta property=\"og:image\" content=\"https:\/\/tailieudieuky.com\/baiviet\/wp-content\/uploads\/2022\/12\/donate-now.png\" \/>\n\t<meta property=\"og:image:width\" content=\"1075\" \/>\n\t<meta property=\"og:image:height\" content=\"1080\" \/>\n\t<meta property=\"og:image:type\" content=\"image\/png\" \/>\n<meta name=\"twitter:card\" content=\"summary_large_image\" \/>\n<meta name=\"twitter:label1\" content=\"\u01af\u1edbc t\u00ednh th\u1eddi gian \u0111\u1ecdc\" \/>\n\t<meta name=\"twitter:data1\" content=\"1 ph\u00fat\" \/>\n<script type=\"application\/ld+json\" class=\"yoast-schema-graph\">{\"@context\":\"https:\\\/\\\/schema.org\",\"@graph\":[{\"@type\":\"WebPage\",\"@id\":\"https:\\\/\\\/tailieudieuky.com\\\/baiviet\\\/donate-us\\\/\",\"url\":\"http:\\\/\\\/tailieudieuky.com\\\/baiviet\\\/donate-us\\\/\",\"name\":\"Donate now | T\u00e0i li\u1ec7u di\u1ec7u k\u1ef3\",\"isPartOf\":{\"@id\":\"https:\\\/\\\/tailieudieuky.com\\\/baiviet\\\/#website\"},\"primaryImageOfPage\":{\"@id\":\"http:\\\/\\\/tailieudieuky.com\\\/baiviet\\\/donate-us\\\/#primaryimage\"},\"image\":{\"@id\":\"http:\\\/\\\/tailieudieuky.com\\\/baiviet\\\/donate-us\\\/#primaryimage\"},\"thumbnailUrl\":\"https:\\\/\\\/tailieudieuky.com\\\/baiviet\\\/wp-content\\\/uploads\\\/2022\\\/12\\\/donate-now.png\",\"datePublished\":\"2022-09-28T07:22:35+00:00\",\"dateModified\":\"2023-11-12T14:24:24+00:00\",\"description\":\"Donate - \u1ee6ng h\u1ed9 T\u00e0i li\u1ec7u di\u1ec7u k\u1ef3. H\u00ecnh th\u1ee9c: v\u00ed Momo, VIETQR, qua t\u00e0i kho\u1ea3n ng\u00e2n h\u00e0ng. H\u00e3y chung tay \u0111\u1ec3 ph\u00e1t tri\u1ec3n c\u1ed9ng \u0111\u1ed3ng T\u00e0i li\u1ec7u di\u1ec7u k\u1ef3\",\"breadcrumb\":{\"@id\":\"http:\\\/\\\/tailieudieuky.com\\\/baiviet\\\/donate-us\\\/#breadcrumb\"},\"inLanguage\":\"vi\",\"potentialAction\":[{\"@type\":\"ReadAction\",\"target\":[\"http:\\\/\\\/tailieudieuky.com\\\/baiviet\\\/donate-us\\\/\"]}]},{\"@type\":\"ImageObject\",\"inLanguage\":\"vi\",\"@id\":\"http:\\\/\\\/tailieudieuky.com\\\/baiviet\\\/donate-us\\\/#primaryimage\",\"url\":\"https:\\\/\\\/tailieudieuky.com\\\/baiviet\\\/wp-content\\\/uploads\\\/2022\\\/12\\\/donate-now.png\",\"contentUrl\":\"https:\\\/\\\/tailieudieuky.com\\\/baiviet\\\/wp-content\\\/uploads\\\/2022\\\/12\\\/donate-now.png\",\"width\":1075,\"height\":1080},{\"@type\":\"BreadcrumbList\",\"@id\":\"http:\\\/\\\/tailieudieuky.com\\\/baiviet\\\/donate-us\\\/#breadcrumb\",\"itemListElement\":[{\"@type\":\"ListItem\",\"position\":1,\"name\":\"T\u00e0i li\u1ec7u\",\"item\":\"https:\\\/\\\/tailieudieuky.com\\\/baiviet\\\/\"},{\"@type\":\"ListItem\",\"position\":2,\"name\":\"Donate now\"}]},{\"@type\":\"WebSite\",\"@id\":\"https:\\\/\\\/tailieudieuky.com\\\/baiviet\\\/#website\",\"url\":\"https:\\\/\\\/tailieudieuky.com\\\/baiviet\\\/\",\"name\":\"T\u00e0i li\u1ec7u di\u1ec7u k\u1ef3\",\"description\":\"Website chia s\u1ebb ki\u1ebfn th\u1ee9c v\u00e0 t\u00e0i li\u1ec7u Ti\u1ebfng Anh\",\"publisher\":{\"@id\":\"https:\\\/\\\/tailieudieuky.com\\\/baiviet\\\/#organization\"},\"alternateName\":\"TLDK\",\"potentialAction\":[{\"@type\":\"SearchAction\",\"target\":{\"@type\":\"EntryPoint\",\"urlTemplate\":\"https:\\\/\\\/tailieudieuky.com\\\/baiviet\\\/?s={search_term_string}\"},\"query-input\":{\"@type\":\"PropertyValueSpecification\",\"valueRequired\":true,\"valueName\":\"search_term_string\"}}],\"inLanguage\":\"vi\"},{\"@type\":\"Organization\",\"@id\":\"https:\\\/\\\/tailieudieuky.com\\\/baiviet\\\/#organization\",\"name\":\"T\u00e0i li\u1ec7u di\u1ec7u k\u1ef3\",\"url\":\"https:\\\/\\\/tailieudieuky.com\\\/baiviet\\\/\",\"logo\":{\"@type\":\"ImageObject\",\"inLanguage\":\"vi\",\"@id\":\"https:\\\/\\\/tailieudieuky.com\\\/baiviet\\\/#\\\/schema\\\/logo\\\/image\\\/\",\"url\":\"https:\\\/\\\/tailieudieuky.com\\\/baiviet\\\/wp-content\\\/uploads\\\/2022\\\/12\\\/cropped-tailieudieuky-1.jpg\",\"contentUrl\":\"https:\\\/\\\/tailieudieuky.com\\\/baiviet\\\/wp-content\\\/uploads\\\/2022\\\/12\\\/cropped-tailieudieuky-1.jpg\",\"width\":599,\"height\":599,\"caption\":\"T\u00e0i li\u1ec7u di\u1ec7u k\u1ef3\"},\"image\":{\"@id\":\"https:\\\/\\\/tailieudieuky.com\\\/baiviet\\\/#\\\/schema\\\/logo\\\/image\\\/\"},\"sameAs\":[\"https:\\\/\\\/www.facebook.com\\\/tailieudieuky\"]}]}<\/script>\n<!-- \/ Yoast SEO plugin. -->","yoast_head_json":{"title":"Donate now | T\u00e0i li\u1ec7u di\u1ec7u k\u1ef3","description":"Donate - \u1ee6ng h\u1ed9 T\u00e0i li\u1ec7u di\u1ec7u k\u1ef3. H\u00ecnh th\u1ee9c: v\u00ed Momo, VIETQR, qua t\u00e0i kho\u1ea3n ng\u00e2n h\u00e0ng. H\u00e3y chung tay \u0111\u1ec3 ph\u00e1t tri\u1ec3n c\u1ed9ng \u0111\u1ed3ng T\u00e0i li\u1ec7u di\u1ec7u k\u1ef3","robots":{"index":"index","follow":"follow","max-snippet":"max-snippet:-1","max-image-preview":"max-image-preview:large","max-video-preview":"max-video-preview:-1"},"canonical":"http:\/\/tailieudieuky.com\/baiviet\/donate-us\/","og_locale":"vi_VN","og_type":"article","og_title":"Donate now | T\u00e0i li\u1ec7u di\u1ec7u k\u1ef3","og_description":"Donate - \u1ee6ng h\u1ed9 T\u00e0i li\u1ec7u di\u1ec7u k\u1ef3. H\u00ecnh th\u1ee9c: v\u00ed Momo, VIETQR, qua t\u00e0i kho\u1ea3n ng\u00e2n h\u00e0ng. H\u00e3y chung tay \u0111\u1ec3 ph\u00e1t tri\u1ec3n c\u1ed9ng \u0111\u1ed3ng T\u00e0i li\u1ec7u di\u1ec7u k\u1ef3","og_url":"http:\/\/tailieudieuky.com\/baiviet\/donate-us\/","og_site_name":"T\u00e0i li\u1ec7u di\u1ec7u k\u1ef3","article_publisher":"https:\/\/www.facebook.com\/tailieudieuky","article_modified_time":"2023-11-12T14:24:24+00:00","og_image":[{"width":1075,"height":1080,"url":"https:\/\/tailieudieuky.com\/baiviet\/wp-content\/uploads\/2022\/12\/donate-now.png","type":"image\/png"}],"twitter_card":"summary_large_image","twitter_misc":{"\u01af\u1edbc t\u00ednh th\u1eddi gian \u0111\u1ecdc":"1 ph\u00fat"},"schema":{"@context":"https:\/\/schema.org","@graph":[{"@type":"WebPage","@id":"https:\/\/tailieudieuky.com\/baiviet\/donate-us\/","url":"http:\/\/tailieudieuky.com\/baiviet\/donate-us\/","name":"Donate now | T\u00e0i li\u1ec7u di\u1ec7u k\u1ef3","isPartOf":{"@id":"https:\/\/tailieudieuky.com\/baiviet\/#website"},"primaryImageOfPage":{"@id":"http:\/\/tailieudieuky.com\/baiviet\/donate-us\/#primaryimage"},"image":{"@id":"http:\/\/tailieudieuky.com\/baiviet\/donate-us\/#primaryimage"},"thumbnailUrl":"https:\/\/tailieudieuky.com\/baiviet\/wp-content\/uploads\/2022\/12\/donate-now.png","datePublished":"2022-09-28T07:22:35+00:00","dateModified":"2023-11-12T14:24:24+00:00","description":"Donate - \u1ee6ng h\u1ed9 T\u00e0i li\u1ec7u di\u1ec7u k\u1ef3. H\u00ecnh th\u1ee9c: v\u00ed Momo, VIETQR, qua t\u00e0i kho\u1ea3n ng\u00e2n h\u00e0ng. H\u00e3y chung tay \u0111\u1ec3 ph\u00e1t tri\u1ec3n c\u1ed9ng \u0111\u1ed3ng T\u00e0i li\u1ec7u di\u1ec7u k\u1ef3","breadcrumb":{"@id":"http:\/\/tailieudieuky.com\/baiviet\/donate-us\/#breadcrumb"},"inLanguage":"vi","potentialAction":[{"@type":"ReadAction","target":["http:\/\/tailieudieuky.com\/baiviet\/donate-us\/"]}]},{"@type":"ImageObject","inLanguage":"vi","@id":"http:\/\/tailieudieuky.com\/baiviet\/donate-us\/#primaryimage","url":"https:\/\/tailieudieuky.com\/baiviet\/wp-content\/uploads\/2022\/12\/donate-now.png","contentUrl":"https:\/\/tailieudieuky.com\/baiviet\/wp-content\/uploads\/2022\/12\/donate-now.png","width":1075,"height":1080},{"@type":"BreadcrumbList","@id":"http:\/\/tailieudieuky.com\/baiviet\/donate-us\/#breadcrumb","itemListElement":[{"@type":"ListItem","position":1,"name":"T\u00e0i li\u1ec7u","item":"https:\/\/tailieudieuky.com\/baiviet\/"},{"@type":"ListItem","position":2,"name":"Donate now"}]},{"@type":"WebSite","@id":"https:\/\/tailieudieuky.com\/baiviet\/#website","url":"https:\/\/tailieudieuky.com\/baiviet\/","name":"T\u00e0i li\u1ec7u di\u1ec7u k\u1ef3","description":"Website chia s\u1ebb ki\u1ebfn th\u1ee9c v\u00e0 t\u00e0i li\u1ec7u Ti\u1ebfng Anh","publisher":{"@id":"https:\/\/tailieudieuky.com\/baiviet\/#organization"},"alternateName":"TLDK","potentialAction":[{"@type":"SearchAction","target":{"@type":"EntryPoint","urlTemplate":"https:\/\/tailieudieuky.com\/baiviet\/?s={search_term_string}"},"query-input":{"@type":"PropertyValueSpecification","valueRequired":true,"valueName":"search_term_string"}}],"inLanguage":"vi"},{"@type":"Organization","@id":"https:\/\/tailieudieuky.com\/baiviet\/#organization","name":"T\u00e0i li\u1ec7u di\u1ec7u k\u1ef3","url":"https:\/\/tailieudieuky.com\/baiviet\/","logo":{"@type":"ImageObject","inLanguage":"vi","@id":"https:\/\/tailieudieuky.com\/baiviet\/#\/schema\/logo\/image\/","url":"https:\/\/tailieudieuky.com\/baiviet\/wp-content\/uploads\/2022\/12\/cropped-tailieudieuky-1.jpg","contentUrl":"https:\/\/tailieudieuky.com\/baiviet\/wp-content\/uploads\/2022\/12\/cropped-tailieudieuky-1.jpg","width":599,"height":599,"caption":"T\u00e0i li\u1ec7u di\u1ec7u k\u1ef3"},"image":{"@id":"https:\/\/tailieudieuky.com\/baiviet\/#\/schema\/logo\/image\/"},"sameAs":["https:\/\/www.facebook.com\/tailieudieuky"]}]}},"amp_enabled":true,"_links":{"self":[{"href":"https:\/\/tailieudieuky.com\/baiviet\/wp-json\/wp\/v2\/pages\/163","targetHints":{"allow":["GET"]}}],"collection":[{"href":"https:\/\/tailieudieuky.com\/baiviet\/wp-json\/wp\/v2\/pages"}],"about":[{"href":"https:\/\/tailieudieuky.com\/baiviet\/wp-json\/wp\/v2\/types\/page"}],"author":[{"embeddable":true,"href":"https:\/\/tailieudieuky.com\/baiviet\/wp-json\/wp\/v2\/users\/1"}],"replies":[{"embeddable":true,"href":"https:\/\/tailieudieuky.com\/baiviet\/wp-json\/wp\/v2\/comments?post=163"}],"version-history":[{"count":57,"href":"https:\/\/tailieudieuky.com\/baiviet\/wp-json\/wp\/v2\/pages\/163\/revisions"}],"predecessor-version":[{"id":6118,"href":"https:\/\/tailieudieuky.com\/baiviet\/wp-json\/wp\/v2\/pages\/163\/revisions\/6118"}],"wp:featuredmedia":[{"embeddable":true,"href":"https:\/\/tailieudieuky.com\/baiviet\/wp-json\/wp\/v2\/media\/2483"}],"wp:attachment":[{"href":"https:\/\/tailieudieuky.com\/baiviet\/wp-json\/wp\/v2\/media?parent=163"}],"curies":[{"name":"wp","href":"https:\/\/api.w.org\/{rel}","templated":true}]}}